{"id":15,"date":"2014-09-02T14:31:20","date_gmt":"2014-09-02T12:31:20","guid":{"rendered":"http:\/\/wp.bildzeuge.de\/?page_id=15"},"modified":"2016-03-09T09:20:45","modified_gmt":"2016-03-09T07:20:45","slug":"lebensraeume","status":"publish","type":"page","link":"https:\/\/www.bildzeuge.de\/?page_id=15","title":{"rendered":"Urbanes Land"},"content":{"rendered":"<h2>\u00a0<i class=\"fa fa-camera-retro\"><span style=\"color: transparent; display: none;\">icon-camera-retro\u00a0<\/span><\/i>\u00a0 Die Walser im Alpenraum<\/h2>\n<p>Ab dem 13. Jahrhundert wanderten Alemannen aus dem Schweizer Wallis in umliegende Berggebiete, wo freies Land als Lebensraum kultiviert wurde, da es sich aufgrund der Hanglagen und felsigen B\u00f6den schwer f\u00fcr b\u00e4uerliche Bewirtschaftung eignete, jedoch unter hohem Aufwand im sozialen Verband betreiben lie\u00df.<\/p>\n<p>Noch heute &#8211; in den letzten Jahrzehnten wiederbelebt &#8211; spricht man Walserdeutsch, was wir in der italienischen Provinz Vercelli (Region Piemont) h\u00f6ren konnten, jedoch nur einzelne W\u00f6rter vom Ursprung her erkennbar sind. Es mutet wie wunderliches Italienisch oder Okzidanisch an, was der Altsprache des Ladinischen wiederum n\u00e4her zu kommen scheint.<\/p>\n<p>Die Siedlungen im Vognatal (Valle Vogna), die hier dargestellt sind, hei\u00dfen <strong>Piane<\/strong> und <strong>Peccia<\/strong>. Das Gebiet befindet sich s\u00fcdlich vom Monte-Rosa-Massiv und der westliche Abstieg f\u00fchrt direkt ins Aostatal.<\/p>\n<p>Ausgangspunkt war dieses Rifugio San Antonio di Valle Vogna direkt auf dem Grande Traversata delle Alpi (GTA):<\/p>\n<p><img loading=\"lazy\" decoding=\"async\" class=\"alignnone wp-image-1200 size-full\" title=\"San Antonio di Valle Vogna\" src=\"https:\/\/www.bildzeuge.de\/wp-content\/uploads\/2015\/Westalpen\/150921-SM-26bz.jpg\" alt=\"San Antonio di Valle Vogna\" width=\"1200\" height=\"900\" srcset=\"https:\/\/www.bildzeuge.de\/wp-content\/uploads\/2015\/Westalpen\/150921-SM-26bz.jpg 1200w, https:\/\/www.bildzeuge.de\/wp-content\/uploads\/2015\/Westalpen\/150921-SM-26bz-300x225.jpg 300w, https:\/\/www.bildzeuge.de\/wp-content\/uploads\/2015\/Westalpen\/150921-SM-26bz-1100x825.jpg 1100w, https:\/\/www.bildzeuge.de\/wp-content\/uploads\/2015\/Westalpen\/150921-SM-26bz-600x450.jpg 600w\" sizes=\"auto, (max-width: 1200px) 100vw, 1200px\" \/><\/p>\n<p>Etwa 300 m weiter ging es am Hang hinauf:<\/p>\n<p><img loading=\"lazy\" decoding=\"async\" class=\"alignnone wp-image-1212 size-full\" title=\"Walsertreppe\" src=\"https:\/\/www.bildzeuge.de\/wp-content\/uploads\/2015\/Westalpen\/150921-SM-60bz.jpg\" alt=\"\" width=\"1200\" height=\"900\" srcset=\"https:\/\/www.bildzeuge.de\/wp-content\/uploads\/2015\/Westalpen\/150921-SM-60bz.jpg 1200w, https:\/\/www.bildzeuge.de\/wp-content\/uploads\/2015\/Westalpen\/150921-SM-60bz-300x225.jpg 300w, https:\/\/www.bildzeuge.de\/wp-content\/uploads\/2015\/Westalpen\/150921-SM-60bz-1100x825.jpg 1100w, https:\/\/www.bildzeuge.de\/wp-content\/uploads\/2015\/Westalpen\/150921-SM-60bz-600x450.jpg 600w\" sizes=\"auto, (max-width: 1200px) 100vw, 1200px\" \/><\/p>\n<p><img loading=\"lazy\" decoding=\"async\" class=\"alignnone wp-image-1201 size-full\" title=\"Drei Walserh\u00e4user\" src=\"https:\/\/www.bildzeuge.de\/wp-content\/uploads\/2015\/Westalpen\/150921-SM-28bz.jpg\" alt=\"Drei Walserh\u00e4user\" width=\"1200\" height=\"900\" srcset=\"https:\/\/www.bildzeuge.de\/wp-content\/uploads\/2015\/Westalpen\/150921-SM-28bz.jpg 1200w, https:\/\/www.bildzeuge.de\/wp-content\/uploads\/2015\/Westalpen\/150921-SM-28bz-300x225.jpg 300w, https:\/\/www.bildzeuge.de\/wp-content\/uploads\/2015\/Westalpen\/150921-SM-28bz-1100x825.jpg 1100w, https:\/\/www.bildzeuge.de\/wp-content\/uploads\/2015\/Westalpen\/150921-SM-28bz-600x450.jpg 600w\" sizes=\"auto, (max-width: 1200px) 100vw, 1200px\" \/><\/p>\n<p><img loading=\"lazy\" decoding=\"async\" class=\"alignnone wp-image-1203 size-full\" title=\"Kleine Kapelle im Ort\" src=\"https:\/\/www.bildzeuge.de\/wp-content\/uploads\/2015\/Westalpen\/150921-SM-41bz.jpg\" alt=\"\" width=\"1200\" height=\"900\" srcset=\"https:\/\/www.bildzeuge.de\/wp-content\/uploads\/2015\/Westalpen\/150921-SM-41bz.jpg 1200w, https:\/\/www.bildzeuge.de\/wp-content\/uploads\/2015\/Westalpen\/150921-SM-41bz-300x225.jpg 300w, https:\/\/www.bildzeuge.de\/wp-content\/uploads\/2015\/Westalpen\/150921-SM-41bz-1100x825.jpg 1100w, https:\/\/www.bildzeuge.de\/wp-content\/uploads\/2015\/Westalpen\/150921-SM-41bz-600x450.jpg 600w\" sizes=\"auto, (max-width: 1200px) 100vw, 1200px\" \/><\/p>\n<p><img loading=\"lazy\" decoding=\"async\" class=\"alignnone wp-image-1205 size-full\" title=\"Hauskonstruktion I\" src=\"https:\/\/www.bildzeuge.de\/wp-content\/uploads\/2015\/Westalpen\/150921-SM-48bz.jpg\" alt=\"\" width=\"1200\" height=\"900\" srcset=\"https:\/\/www.bildzeuge.de\/wp-content\/uploads\/2015\/Westalpen\/150921-SM-48bz.jpg 1200w, https:\/\/www.bildzeuge.de\/wp-content\/uploads\/2015\/Westalpen\/150921-SM-48bz-300x225.jpg 300w, https:\/\/www.bildzeuge.de\/wp-content\/uploads\/2015\/Westalpen\/150921-SM-48bz-1100x825.jpg 1100w, https:\/\/www.bildzeuge.de\/wp-content\/uploads\/2015\/Westalpen\/150921-SM-48bz-600x450.jpg 600w\" sizes=\"auto, (max-width: 1200px) 100vw, 1200px\" \/><\/p>\n<p><img loading=\"lazy\" decoding=\"async\" class=\"alignnone wp-image-1206 size-full\" title=\"Blick ins Tal\" src=\"https:\/\/www.bildzeuge.de\/wp-content\/uploads\/2015\/Westalpen\/150921-SM-50bz.jpg\" alt=\"\" width=\"1200\" height=\"900\" srcset=\"https:\/\/www.bildzeuge.de\/wp-content\/uploads\/2015\/Westalpen\/150921-SM-50bz.jpg 1200w, https:\/\/www.bildzeuge.de\/wp-content\/uploads\/2015\/Westalpen\/150921-SM-50bz-300x225.jpg 300w, https:\/\/www.bildzeuge.de\/wp-content\/uploads\/2015\/Westalpen\/150921-SM-50bz-1100x825.jpg 1100w, https:\/\/www.bildzeuge.de\/wp-content\/uploads\/2015\/Westalpen\/150921-SM-50bz-600x450.jpg 600w\" sizes=\"auto, (max-width: 1200px) 100vw, 1200px\" \/><\/p>\n<p>Haus Nr. 8 in Piane steht zum Verkauf:<\/p>\n<p><img loading=\"lazy\" decoding=\"async\" class=\"alignnone wp-image-1204 size-full\" title=\"Haus zu verkaufen\" src=\"https:\/\/www.bildzeuge.de\/wp-content\/uploads\/2015\/Westalpen\/150921-SM-43bz.jpg\" alt=\"\" width=\"1200\" height=\"900\" srcset=\"https:\/\/www.bildzeuge.de\/wp-content\/uploads\/2015\/Westalpen\/150921-SM-43bz.jpg 1200w, https:\/\/www.bildzeuge.de\/wp-content\/uploads\/2015\/Westalpen\/150921-SM-43bz-300x225.jpg 300w, https:\/\/www.bildzeuge.de\/wp-content\/uploads\/2015\/Westalpen\/150921-SM-43bz-1100x825.jpg 1100w, https:\/\/www.bildzeuge.de\/wp-content\/uploads\/2015\/Westalpen\/150921-SM-43bz-600x450.jpg 600w\" sizes=\"auto, (max-width: 1200px) 100vw, 1200px\" \/><\/p>\n<p>Typisch f\u00fcr die Walser-H\u00e4user ist der auf Steinunterbau befindliche Holzaufbau mit den luftigen und durch Latten oder Stangen vor Wind, Regen und Schnee gesch\u00fctzten Korridore ums Haus. Hier wird u.a. Gras, aber auch W\u00e4sche getrocknet.<\/p>\n<p><img loading=\"lazy\" decoding=\"async\" class=\"alignnone wp-image-1208 size-full\" title=\"Kleines Feld f\u00fcr den Alltag\" src=\"https:\/\/www.bildzeuge.de\/wp-content\/uploads\/2015\/Westalpen\/150921-SM-55bz.jpg\" alt=\"\" width=\"1200\" height=\"900\" srcset=\"https:\/\/www.bildzeuge.de\/wp-content\/uploads\/2015\/Westalpen\/150921-SM-55bz.jpg 1200w, https:\/\/www.bildzeuge.de\/wp-content\/uploads\/2015\/Westalpen\/150921-SM-55bz-300x225.jpg 300w, https:\/\/www.bildzeuge.de\/wp-content\/uploads\/2015\/Westalpen\/150921-SM-55bz-1100x825.jpg 1100w, https:\/\/www.bildzeuge.de\/wp-content\/uploads\/2015\/Westalpen\/150921-SM-55bz-600x450.jpg 600w\" sizes=\"auto, (max-width: 1200px) 100vw, 1200px\" \/><\/p>\n<p><img loading=\"lazy\" decoding=\"async\" class=\"alignnone wp-image-1202 size-full\" title=\"Scharfe Wachhunde\" src=\"https:\/\/www.bildzeuge.de\/wp-content\/uploads\/2015\/Westalpen\/150921-SM-37bz.jpg\" alt=\"\" width=\"1200\" height=\"900\" srcset=\"https:\/\/www.bildzeuge.de\/wp-content\/uploads\/2015\/Westalpen\/150921-SM-37bz.jpg 1200w, https:\/\/www.bildzeuge.de\/wp-content\/uploads\/2015\/Westalpen\/150921-SM-37bz-300x225.jpg 300w, https:\/\/www.bildzeuge.de\/wp-content\/uploads\/2015\/Westalpen\/150921-SM-37bz-1100x825.jpg 1100w, https:\/\/www.bildzeuge.de\/wp-content\/uploads\/2015\/Westalpen\/150921-SM-37bz-600x450.jpg 600w\" sizes=\"auto, (max-width: 1200px) 100vw, 1200px\" \/><\/p>\n<p><img loading=\"lazy\" decoding=\"async\" class=\"alignnone wp-image-1211 size-full\" title=\"St\u00fctzpfeiler mit Unterlage\" src=\"https:\/\/www.bildzeuge.de\/wp-content\/uploads\/2015\/Westalpen\/150921-SM-59bz.jpg\" alt=\"\" width=\"1200\" height=\"900\" srcset=\"https:\/\/www.bildzeuge.de\/wp-content\/uploads\/2015\/Westalpen\/150921-SM-59bz.jpg 1200w, https:\/\/www.bildzeuge.de\/wp-content\/uploads\/2015\/Westalpen\/150921-SM-59bz-300x225.jpg 300w, https:\/\/www.bildzeuge.de\/wp-content\/uploads\/2015\/Westalpen\/150921-SM-59bz-1100x825.jpg 1100w, https:\/\/www.bildzeuge.de\/wp-content\/uploads\/2015\/Westalpen\/150921-SM-59bz-600x450.jpg 600w\" sizes=\"auto, (max-width: 1200px) 100vw, 1200px\" \/><\/p>\n<p><img loading=\"lazy\" decoding=\"async\" class=\"alignnone wp-image-1207 size-full\" title=\"Zugangstreppen und Wege\" src=\"https:\/\/www.bildzeuge.de\/wp-content\/uploads\/2015\/Westalpen\/150921-SM-53bz.jpg\" alt=\"\" width=\"1200\" height=\"900\" srcset=\"https:\/\/www.bildzeuge.de\/wp-content\/uploads\/2015\/Westalpen\/150921-SM-53bz.jpg 1200w, https:\/\/www.bildzeuge.de\/wp-content\/uploads\/2015\/Westalpen\/150921-SM-53bz-300x225.jpg 300w, https:\/\/www.bildzeuge.de\/wp-content\/uploads\/2015\/Westalpen\/150921-SM-53bz-1100x825.jpg 1100w, https:\/\/www.bildzeuge.de\/wp-content\/uploads\/2015\/Westalpen\/150921-SM-53bz-600x450.jpg 600w\" sizes=\"auto, (max-width: 1200px) 100vw, 1200px\" \/><\/p>\n<p><img loading=\"lazy\" decoding=\"async\" class=\"alignnone wp-image-1209 size-full\" title=\"Ortsstra\u00dfe zur Kapelle\" src=\"https:\/\/www.bildzeuge.de\/wp-content\/uploads\/2015\/Westalpen\/150921-SM-56bz.jpg\" alt=\"\" width=\"1200\" height=\"900\" srcset=\"https:\/\/www.bildzeuge.de\/wp-content\/uploads\/2015\/Westalpen\/150921-SM-56bz.jpg 1200w, https:\/\/www.bildzeuge.de\/wp-content\/uploads\/2015\/Westalpen\/150921-SM-56bz-300x225.jpg 300w, https:\/\/www.bildzeuge.de\/wp-content\/uploads\/2015\/Westalpen\/150921-SM-56bz-1100x825.jpg 1100w, https:\/\/www.bildzeuge.de\/wp-content\/uploads\/2015\/Westalpen\/150921-SM-56bz-600x450.jpg 600w\" sizes=\"auto, (max-width: 1200px) 100vw, 1200px\" \/><\/p>\n<p><img loading=\"lazy\" decoding=\"async\" class=\"alignnone wp-image-1210 size-full\" title=\"Tomatenpflanzen\" src=\"https:\/\/www.bildzeuge.de\/wp-content\/uploads\/2015\/Westalpen\/150921-SM-58bz.jpg\" alt=\"\" width=\"1200\" height=\"900\" srcset=\"https:\/\/www.bildzeuge.de\/wp-content\/uploads\/2015\/Westalpen\/150921-SM-58bz.jpg 1200w, https:\/\/www.bildzeuge.de\/wp-content\/uploads\/2015\/Westalpen\/150921-SM-58bz-300x225.jpg 300w, https:\/\/www.bildzeuge.de\/wp-content\/uploads\/2015\/Westalpen\/150921-SM-58bz-1100x825.jpg 1100w, https:\/\/www.bildzeuge.de\/wp-content\/uploads\/2015\/Westalpen\/150921-SM-58bz-600x450.jpg 600w\" sizes=\"auto, (max-width: 1200px) 100vw, 1200px\" \/><\/p>\n<p>&nbsp;<\/p>\n","protected":false},"excerpt":{"rendered":"<p>\u00a0icon-camera-retro\u00a0\u00a0 Die Walser im Alpenraum Ab dem 13. Jahrhundert wanderten Alemannen aus dem Schweizer Wallis in umliegende Berggebiete, wo freies Land als Lebensraum kultiviert wurde,&#46;&#46;&#46;<\/p>\n","protected":false},"author":4,"featured_media":0,"parent":0,"menu_order":0,"comment_status":"open","ping_status":"open","template":"page-templates\/child-menu.php","meta":{"jetpack_post_was_ever_published":false,"footnotes":""},"class_list":["post-15","page","type-page","status-publish","hentry"],"jetpack_sharing_enabled":true,"jetpack_shortlink":"https:\/\/wp.me\/P52wc6-f","jetpack-related-posts":[],"_links":{"self":[{"href":"https:\/\/www.bildzeuge.de\/index.php?rest_route=\/wp\/v2\/pages\/15","targetHints":{"allow":["GET"]}}],"collection":[{"href":"https:\/\/www.bildzeuge.de\/index.php?rest_route=\/wp\/v2\/pages"}],"about":[{"href":"https:\/\/www.bildzeuge.de\/index.php?rest_route=\/wp\/v2\/types\/page"}],"author":[{"embeddable":true,"href":"https:\/\/www.bildzeuge.de\/index.php?rest_route=\/wp\/v2\/users\/4"}],"replies":[{"embeddable":true,"href":"https:\/\/www.bildzeuge.de\/index.php?rest_route=%2Fwp%2Fv2%2Fcomments&post=15"}],"version-history":[{"count":0,"href":"https:\/\/www.bildzeuge.de\/index.php?rest_route=\/wp\/v2\/pages\/15\/revisions"}],"wp:attachment":[{"href":"https:\/\/www.bildzeuge.de\/index.php?rest_route=%2Fwp%2Fv2%2Fmedia&parent=15"}],"curies":[{"name":"wp","href":"https:\/\/api.w.org\/{rel}","templated":true}]}}