{"id":209,"date":"2014-09-18T13:16:51","date_gmt":"2014-09-18T11:16:51","guid":{"rendered":"http:\/\/bildzeuge.de\/?page_id=209"},"modified":"2015-05-16T13:38:29","modified_gmt":"2015-05-16T11:38:29","slug":"knowhow","status":"publish","type":"page","link":"https:\/\/www.bildzeuge.de\/?page_id=209","title":{"rendered":"Know How"},"content":{"rendered":"<div><strong><span style=\"font-size: 18pt;\">Diese Seite wird erst noch erstellt. Bitte um Geduld!<\/span><\/strong><\/div>\n<div><\/div>\n<div class=\"csColumn\" style=\"margin: 0px; padding: 0px; float: left; width: 47.7%; text-align: left;\" data-csid=\"75456e54-1d88-a129-9f1c-d821e39c90aa\" data-cswidth=\"47.7%\" data-csendpoint=\"945\" data-csstartpoint=\"487.5\"><\/div>\n<div class=\"csColumn\" style=\"margin: 0px; padding: 0px; float: left; width: 47.7%; text-align: left;\" data-csid=\"75456e54-1d88-a129-9f1c-d821e39c90aa\" data-cswidth=\"47.7%\" data-csendpoint=\"945\" data-csstartpoint=\"487.5\"><\/div>\n<div class=\"csColumn\" style=\"margin: 0px; padding: 0px; float: left; width: 47.7%; text-align: left;\" data-csid=\"75456e54-1d88-a129-9f1c-d821e39c90aa\" data-cswidth=\"47.7%\" data-csendpoint=\"945\" data-csstartpoint=\"487.5\"><\/div>\n<div class=\"csColumn\" style=\"margin: 0px; padding: 0px; float: left; width: 47.7%; text-align: left;\" data-csid=\"75456e54-1d88-a129-9f1c-d821e39c90aa\" data-cswidth=\"47.7%\" data-csendpoint=\"945\" data-csstartpoint=\"487.5\"><\/div>\n\n\t\t<style>\n\t\t\t#gallery-1 {\n\t\t\t\tmargin: auto;\n\t\t\t}\n\t\t\t#gallery-1 .gallery-item {\n\t\t\t\tfloat: left;\n\t\t\t\tmargin-top: 10px;\n\t\t\t\ttext-align: center;\n\t\t\t\twidth: 33%;\n\t\t\t}\n\t\t\t#gallery-1 img {\n\t\t\t\tborder: 2px solid #cfcfcf;\n\t\t\t}\n\t\t\t#gallery-1 .gallery-caption {\n\t\t\t\tmargin-left: 0;\n\t\t\t}\n\t\t\t\/* see gallery_shortcode() in wp-includes\/media.php *\/\n\t\t<\/style>\n\t\t<div id='gallery-1' class='gallery galleryid-209 gallery-columns-3 gallery-size-medium'><dl class='gallery-item'>\n\t\t\t<dt class='gallery-icon landscape'>\n\t\t\t\t<a href='https:\/\/www.bildzeuge.de\/wp-content\/uploads\/2015\/Smartphone\/150206-SM-142-SM.jpg' title=\"\" data-rl_title=\"\" class=\"rl-gallery-link\" data-rl_caption=\"\" data-rel=\"lightbox-gallery-1\"><img loading=\"lazy\" decoding=\"async\" width=\"300\" height=\"230\" src=\"https:\/\/www.bildzeuge.de\/wp-content\/uploads\/2015\/Smartphone\/150206-SM-142-SM-300x230.jpg\" class=\"attachment-medium size-medium\" alt=\"An der Piazza della Signoria\" aria-describedby=\"gallery-1-800\" srcset=\"https:\/\/www.bildzeuge.de\/wp-content\/uploads\/2015\/Smartphone\/150206-SM-142-SM-300x230.jpg 300w, https:\/\/www.bildzeuge.de\/wp-content\/uploads\/2015\/Smartphone\/150206-SM-142-SM-1100x843.jpg 1100w, https:\/\/www.bildzeuge.de\/wp-content\/uploads\/2015\/Smartphone\/150206-SM-142-SM-600x460.jpg 600w, https:\/\/www.bildzeuge.de\/wp-content\/uploads\/2015\/Smartphone\/150206-SM-142-SM.jpg 1131w\" sizes=\"auto, (max-width: 300px) 100vw, 300px\" \/><\/a>\n\t\t\t<\/dt>\n\t\t\t\t<dd class='wp-caption-text gallery-caption' id='gallery-1-800'>\n\t\t\t\tFLORENZ Platz\n\t\t\t\t<\/dd><\/dl><dl class='gallery-item'>\n\t\t\t<dt class='gallery-icon landscape'>\n\t\t\t\t<a href='https:\/\/www.bildzeuge.de\/wp-content\/uploads\/2015\/Smartphone\/150206-SM-123-SM.jpg' title=\"\" data-rl_title=\"\" class=\"rl-gallery-link\" data-rl_caption=\"\" data-rel=\"lightbox-gallery-1\"><img loading=\"lazy\" decoding=\"async\" width=\"300\" height=\"225\" src=\"https:\/\/www.bildzeuge.de\/wp-content\/uploads\/2015\/Smartphone\/150206-SM-123-SM-300x225.jpg\" class=\"attachment-medium size-medium\" alt=\"Schirmwetter in Florenz\" srcset=\"https:\/\/www.bildzeuge.de\/wp-content\/uploads\/2015\/Smartphone\/150206-SM-123-SM-300x225.jpg 300w, https:\/\/www.bildzeuge.de\/wp-content\/uploads\/2015\/Smartphone\/150206-SM-123-SM-1100x824.jpg 1100w, https:\/\/www.bildzeuge.de\/wp-content\/uploads\/2015\/Smartphone\/150206-SM-123-SM-600x449.jpg 600w, https:\/\/www.bildzeuge.de\/wp-content\/uploads\/2015\/Smartphone\/150206-SM-123-SM.jpg 1131w\" sizes=\"auto, (max-width: 300px) 100vw, 300px\" \/><\/a>\n\t\t\t<\/dt><\/dl><dl class='gallery-item'>\n\t\t\t<dt class='gallery-icon landscape'>\n\t\t\t\t<a href='https:\/\/www.bildzeuge.de\/wp-content\/uploads\/2015\/Smartphone\/150205-SM-104-SM.jpg' title=\"\" data-rl_title=\"\" class=\"rl-gallery-link\" data-rl_caption=\"\" data-rel=\"lightbox-gallery-1\"><img loading=\"lazy\" decoding=\"async\" width=\"300\" height=\"230\" src=\"https:\/\/www.bildzeuge.de\/wp-content\/uploads\/2015\/Smartphone\/150205-SM-104-SM-300x230.jpg\" class=\"attachment-medium size-medium\" alt=\"\" srcset=\"https:\/\/www.bildzeuge.de\/wp-content\/uploads\/2015\/Smartphone\/150205-SM-104-SM-300x230.jpg 300w, https:\/\/www.bildzeuge.de\/wp-content\/uploads\/2015\/Smartphone\/150205-SM-104-SM-1100x843.jpg 1100w, https:\/\/www.bildzeuge.de\/wp-content\/uploads\/2015\/Smartphone\/150205-SM-104-SM-600x460.jpg 600w, https:\/\/www.bildzeuge.de\/wp-content\/uploads\/2015\/Smartphone\/150205-SM-104-SM.jpg 1131w\" sizes=\"auto, (max-width: 300px) 100vw, 300px\" \/><\/a>\n\t\t\t<\/dt><\/dl><br style=\"clear: both\" \/><dl class='gallery-item'>\n\t\t\t<dt class='gallery-icon landscape'>\n\t\t\t\t<a href='https:\/\/www.bildzeuge.de\/wp-content\/uploads\/2015\/Smartphone\/150205-SM-102-SM.jpg' title=\"\" data-rl_title=\"\" class=\"rl-gallery-link\" data-rl_caption=\"\" data-rel=\"lightbox-gallery-1\"><img loading=\"lazy\" decoding=\"async\" width=\"300\" height=\"230\" src=\"https:\/\/www.bildzeuge.de\/wp-content\/uploads\/2015\/Smartphone\/150205-SM-102-SM-300x230.jpg\" class=\"attachment-medium size-medium\" alt=\"Blick ins Innere des Glockenturms des Campanile\" srcset=\"https:\/\/www.bildzeuge.de\/wp-content\/uploads\/2015\/Smartphone\/150205-SM-102-SM-300x230.jpg 300w, https:\/\/www.bildzeuge.de\/wp-content\/uploads\/2015\/Smartphone\/150205-SM-102-SM-1100x843.jpg 1100w, https:\/\/www.bildzeuge.de\/wp-content\/uploads\/2015\/Smartphone\/150205-SM-102-SM-600x460.jpg 600w, https:\/\/www.bildzeuge.de\/wp-content\/uploads\/2015\/Smartphone\/150205-SM-102-SM.jpg 1131w\" sizes=\"auto, (max-width: 300px) 100vw, 300px\" \/><\/a>\n\t\t\t<\/dt><\/dl><dl class='gallery-item'>\n\t\t\t<dt class='gallery-icon landscape'>\n\t\t\t\t<a href='https:\/\/www.bildzeuge.de\/wp-content\/uploads\/2015\/Smartphone\/150205-SM-101-SM.jpg' title=\"\" data-rl_title=\"\" class=\"rl-gallery-link\" data-rl_caption=\"\" data-rel=\"lightbox-gallery-1\"><img loading=\"lazy\" decoding=\"async\" width=\"300\" height=\"230\" src=\"https:\/\/www.bildzeuge.de\/wp-content\/uploads\/2015\/Smartphone\/150205-SM-101-SM-300x230.jpg\" class=\"attachment-medium size-medium\" alt=\"Cattedrale di Santa Maria del Fiore\" srcset=\"https:\/\/www.bildzeuge.de\/wp-content\/uploads\/2015\/Smartphone\/150205-SM-101-SM-300x230.jpg 300w, https:\/\/www.bildzeuge.de\/wp-content\/uploads\/2015\/Smartphone\/150205-SM-101-SM-1100x843.jpg 1100w, https:\/\/www.bildzeuge.de\/wp-content\/uploads\/2015\/Smartphone\/150205-SM-101-SM-600x460.jpg 600w, https:\/\/www.bildzeuge.de\/wp-content\/uploads\/2015\/Smartphone\/150205-SM-101-SM.jpg 1131w\" sizes=\"auto, (max-width: 300px) 100vw, 300px\" \/><\/a>\n\t\t\t<\/dt><\/dl><dl class='gallery-item'>\n\t\t\t<dt class='gallery-icon landscape'>\n\t\t\t\t<a href='https:\/\/www.bildzeuge.de\/wp-content\/uploads\/2015\/Smartphone\/150205-SM-99-SM.jpg' title=\"\" data-rl_title=\"\" class=\"rl-gallery-link\" data-rl_caption=\"\" data-rel=\"lightbox-gallery-1\"><img loading=\"lazy\" decoding=\"async\" width=\"300\" height=\"230\" src=\"https:\/\/www.bildzeuge.de\/wp-content\/uploads\/2015\/Smartphone\/150205-SM-99-SM-300x230.jpg\" class=\"attachment-medium size-medium\" alt=\"Kuppelausmalung des Florentiner Doms\" srcset=\"https:\/\/www.bildzeuge.de\/wp-content\/uploads\/2015\/Smartphone\/150205-SM-99-SM-300x230.jpg 300w, https:\/\/www.bildzeuge.de\/wp-content\/uploads\/2015\/Smartphone\/150205-SM-99-SM-1100x843.jpg 1100w, https:\/\/www.bildzeuge.de\/wp-content\/uploads\/2015\/Smartphone\/150205-SM-99-SM-600x460.jpg 600w, https:\/\/www.bildzeuge.de\/wp-content\/uploads\/2015\/Smartphone\/150205-SM-99-SM.jpg 1131w\" sizes=\"auto, (max-width: 300px) 100vw, 300px\" \/><\/a>\n\t\t\t<\/dt><\/dl><br style=\"clear: both\" \/>\n\t\t<\/div>\n\n<p>&nbsp;<\/p>\n<p>Hier k\u00f6nnen sp\u00e4ter einige technische Aufnahmedaten oder Angaben zu Kameraausr\u00fcstung oder gestalterische Vorschl\u00e4ge nachzulesen sein. Vielleicht gar derartige Regieanweisungen?<\/p>\n<p><img loading=\"lazy\" decoding=\"async\" class=\"aligncenter wp-image-1071 size-full\" title=\"001219_FAM_03BZ\" src=\"https:\/\/www.bildzeuge.de\/wp-content\/uploads\/2015\/STUFF\/001219_FAM_03BZ.jpg\" alt=\"\" width=\"593\" height=\"709\" srcset=\"https:\/\/www.bildzeuge.de\/wp-content\/uploads\/2015\/STUFF\/001219_FAM_03BZ.jpg 593w, https:\/\/www.bildzeuge.de\/wp-content\/uploads\/2015\/STUFF\/001219_FAM_03BZ-251x300.jpg 251w\" sizes=\"auto, (max-width: 593px) 100vw, 593px\" \/><\/p>\n","protected":false},"excerpt":{"rendered":"<p>Diese Seite wird erst noch erstellt. Bitte um Geduld! &nbsp; Hier k\u00f6nnen sp\u00e4ter einige technische Aufnahmedaten oder Angaben zu Kameraausr\u00fcstung oder gestalterische Vorschl\u00e4ge nachzulesen sein.&#46;&#46;&#46;<\/p>\n","protected":false},"author":4,"featured_media":0,"parent":0,"menu_order":0,"comment_status":"open","ping_status":"open","template":"","meta":{"jetpack_post_was_ever_published":false,"footnotes":""},"class_list":["post-209","page","type-page","status-publish","hentry"],"jetpack_sharing_enabled":true,"jetpack_shortlink":"https:\/\/wp.me\/P52wc6-3n","jetpack-related-posts":[],"_links":{"self":[{"href":"https:\/\/www.bildzeuge.de\/index.php?rest_route=\/wp\/v2\/pages\/209","targetHints":{"allow":["GET"]}}],"collection":[{"href":"https:\/\/www.bildzeuge.de\/index.php?rest_route=\/wp\/v2\/pages"}],"about":[{"href":"https:\/\/www.bildzeuge.de\/index.php?rest_route=\/wp\/v2\/types\/page"}],"author":[{"embeddable":true,"href":"https:\/\/www.bildzeuge.de\/index.php?rest_route=\/wp\/v2\/users\/4"}],"replies":[{"embeddable":true,"href":"https:\/\/www.bildzeuge.de\/index.php?rest_route=%2Fwp%2Fv2%2Fcomments&post=209"}],"version-history":[{"count":0,"href":"https:\/\/www.bildzeuge.de\/index.php?rest_route=\/wp\/v2\/pages\/209\/revisions"}],"wp:attachment":[{"href":"https:\/\/www.bildzeuge.de\/index.php?rest_route=%2Fwp%2Fv2%2Fmedia&parent=209"}],"curies":[{"name":"wp","href":"https:\/\/api.w.org\/{rel}","templated":true}]}}